{"id":3674,"date":"2025-04-03T15:40:53","date_gmt":"2025-04-03T13:40:53","guid":{"rendered":"https:\/\/www.tomseerden.nl\/home\/"},"modified":"2025-07-26T16:25:36","modified_gmt":"2025-07-26T14:25:36","slug":"home","status":"publish","type":"page","link":"https:\/\/www.tomseerden.nl\/it\/","title":{"rendered":"Home"},"content":{"rendered":"<p><div class=\"fusion-fullwidth fullwidth-box fusion-builder-row-1 fusion-flex-container has-pattern-background has-mask-background nonhundred-percent-fullwidth non-hundred-percent-height-scrolling\" style=\"--awb-border-radius-top-left:0px;--awb-border-radius-top-right:0px;--awb-border-radius-bottom-right:0px;--awb-border-radius-bottom-left:0px;--awb-padding-top:0px;--awb-padding-right:0px;--awb-padding-bottom:0px;--awb-padding-left:0px;--awb-margin-top:0px;--awb-margin-bottom:0px;--awb-flex-wrap:wrap;\" ><div class=\"fusion-builder-row fusion-row fusion-flex-align-items-flex-start fusion-flex-content-wrap\" style=\"max-width:1352px;margin-left: calc(-4% \/ 2 );margin-right: calc(-4% \/ 2 );\"><div class=\"fusion-layout-column fusion_builder_column fusion-builder-column-0 fusion_builder_column_1_1 1_1 fusion-flex-column\" style=\"--awb-bg-size:cover;--awb-width-large:100%;--awb-margin-top-large:0px;--awb-spacing-right-large:1.92%;--awb-margin-bottom-large:0px;--awb-spacing-left-large:1.92%;--awb-width-medium:100%;--awb-order-medium:0;--awb-spacing-right-medium:1.92%;--awb-spacing-left-medium:1.92%;--awb-width-small:100%;--awb-order-small:0;--awb-spacing-right-small:1.92%;--awb-spacing-left-small:1.92%;\" data-scroll-devices=\"small-visibility,medium-visibility,large-visibility\"><div class=\"fusion-column-wrapper fusion-column-has-shadow fusion-flex-justify-content-flex-start fusion-content-layout-column\">\n\t\t\t\t<p class=\"rs-p-wp-fix\"><\/p>\n\t\t\t\t<sr7-module data-alias=\"home\" data-id=\"1\" id=\"SR7_1_1\" class=\"rs-ov-hidden\" data-version=\"6.7.31\">\n\t\t\t\t\t<sr7-adjuster><\/sr7-adjuster>\n\t\t\t\t\t<sr7-content>\n\t\t\t\t\t\t<sr7-slide id=\"SR7_1_1-4\" data-key=\"4\">\n\t\t\t\t\t\t\t<sr7-bg id=\"SR7_1_1-4-6\" class=\"sr7-layer\"><noscript><img decoding=\"async\" src=\"https:\/\/www.tomseerden.nl\/wp-content\/uploads\/2025\/04\/slide-1.jpg\" alt=\"\" title=\"slide-1\"><\/noscript><\/sr7-bg>\n\t\t\t\t\t\t<\/sr7-slide>\n\t\t\t\t\t\t<sr7-slide id=\"SR7_1_1-10\" data-key=\"10\">\n\t\t\t\t\t\t\t<sr7-bg id=\"SR7_1_1-10-2\" class=\"sr7-layer\"><noscript><img decoding=\"async\" src=\"https:\/\/www.tomseerden.nl\/wp-content\/uploads\/2025\/05\/slide-3.jpg\" alt=\"\" title=\"slide-3\"><\/noscript><\/sr7-bg>\n\t\t\t\t\t\t<\/sr7-slide>\n\t\t\t\t\t\t<sr7-slide id=\"SR7_1_1-9\" data-key=\"9\">\n\t\t\t\t\t\t\t<sr7-bg id=\"SR7_1_1-9-4\" class=\"sr7-layer\"><noscript><img decoding=\"async\" src=\"https:\/\/www.tomseerden.nl\/wp-content\/uploads\/2025\/04\/slide-2.jpg\" alt=\"\" title=\"slide-2\"><\/noscript><\/sr7-bg>\n\t\t\t\t\t\t<\/sr7-slide>\n\t\t\t\t\t\t<sr7-slide id=\"SR7_1_1-11\" data-key=\"11\">\n\t\t\t\t\t\t\t<sr7-bg id=\"SR7_1_1-11-6\" class=\"sr7-layer\"><noscript><img decoding=\"async\" src=\"https:\/\/www.tomseerden.nl\/wp-content\/uploads\/2025\/07\/slide-4.jpg\" alt=\"\" title=\"slide-4\"><\/noscript><\/sr7-bg>\n\t\t\t\t\t\t<\/sr7-slide>\n\t\t\t\t\t\t<sr7-slide id=\"SR7_1_1-2\" data-key=\"2\">\n\t\t\t\t\t\t<\/sr7-slide>\n\t\t\t\t\t<\/sr7-content>\n\t\t\t\t\t<image_lists style=\"display:none\">\n\t\t\t\t\t\t<img data-src=\"\/\/www.tomseerden.nl\/wp-content\/uploads\/2025\/04\/landschap-transparant-2.png\" data-libid=\"73\" data-lib=\"medialibrary\" title=\"landschap-transparant-2\" width=\"0\" height=\"0\" data-dbsrc=\"Ly93d3cudG9tc2VlcmRlbi5ubC93cC1jb250ZW50L3VwbG9hZHMvMjAyNS8wNC9sYW5kc2NoYXAtdHJhbnNwYXJhbnQtMi5wbmc=\"\/>\n\t\t\t\t\t\t<img data-src=\"\/\/www.tomseerden.nl\/wp-content\/uploads\/2025\/04\/landschap-transparant-1.png\" data-libid=\"72\" data-lib=\"medialibrary\" title=\"landschap-transparant-1\" width=\"0\" height=\"0\" data-dbsrc=\"Ly93d3cudG9tc2VlcmRlbi5ubC93cC1jb250ZW50L3VwbG9hZHMvMjAyNS8wNC9sYW5kc2NoYXAtdHJhbnNwYXJhbnQtMS5wbmc=\"\/>\n\t\t\t\t\t\t<img data-src=\"\/\/www.tomseerden.nl\/wp-content\/uploads\/2025\/04\/slide-1.jpg\" data-libid=\"118\" data-lib=\"medialibrary\" title=\"slide-1\" width=\"0\" height=\"0\" data-dbsrc=\"Ly93d3cudG9tc2VlcmRlbi5ubC93cC1jb250ZW50L3VwbG9hZHMvMjAyNS8wNC9zbGlkZS0xLmpwZw==\"\/>\n\t\t\t\t\t\t<img data-src=\"\/\/www.tomseerden.nl\/wp-content\/uploads\/2025\/04\/mensfiguur-transparant-1.png\" data-libid=\"131\" data-lib=\"medialibrary\" title=\"mensfiguur-transparant-1\" width=\"0\" height=\"0\" data-dbsrc=\"Ly93d3cudG9tc2VlcmRlbi5ubC93cC1jb250ZW50L3VwbG9hZHMvMjAyNS8wNC9tZW5zZmlndXVyLXRyYW5zcGFyYW50LTEucG5n\"\/>\n\t\t\t\t\t\t<img data-src=\"\/\/www.tomseerden.nl\/wp-content\/uploads\/2025\/07\/mensfiguur-transparant-2.png\" data-libid=\"3083\" data-lib=\"medialibrary\" title=\"mensfiguur-transparant-2\" width=\"0\" height=\"0\" data-dbsrc=\"Ly93d3cudG9tc2VlcmRlbi5ubC93cC1jb250ZW50L3VwbG9hZHMvMjAyNS8wNy9tZW5zZmlndXVyLXRyYW5zcGFyYW50LTIucG5n\"\/>\n\t\t\t\t\t\t<img data-src=\"\/\/www.tomseerden.nl\/wp-content\/uploads\/2025\/04\/slide-2.jpg\" data-libid=\"133\" data-lib=\"medialibrary\" title=\"slide-2\" width=\"0\" height=\"0\" data-dbsrc=\"Ly93d3cudG9tc2VlcmRlbi5ubC93cC1jb250ZW50L3VwbG9hZHMvMjAyNS8wNC9zbGlkZS0yLmpwZw==\"\/>\n\t\t\t\t\t\t<img data-src=\"\/\/www.tomseerden.nl\/wp-content\/uploads\/2025\/05\/landschap-transparant-3.png\" data-libid=\"2598\" data-lib=\"medialibrary\" title=\"landschap-transparant-3\" width=\"0\" height=\"0\" data-dbsrc=\"Ly93d3cudG9tc2VlcmRlbi5ubC93cC1jb250ZW50L3VwbG9hZHMvMjAyNS8wNS9sYW5kc2NoYXAtdHJhbnNwYXJhbnQtMy5wbmc=\"\/>\n\t\t\t\t\t\t<img data-src=\"\/\/www.tomseerden.nl\/wp-content\/uploads\/2025\/05\/landschap-transparant-4.png\" data-libid=\"2599\" data-lib=\"medialibrary\" title=\"landschap-transparant-4\" width=\"0\" height=\"0\" data-dbsrc=\"Ly93d3cudG9tc2VlcmRlbi5ubC93cC1jb250ZW50L3VwbG9hZHMvMjAyNS8wNS9sYW5kc2NoYXAtdHJhbnNwYXJhbnQtNC5wbmc=\"\/>\n\t\t\t\t\t\t<img data-src=\"\/\/www.tomseerden.nl\/wp-content\/uploads\/2025\/05\/slide-3.jpg\" data-libid=\"2597\" data-lib=\"medialibrary\" title=\"slide-3\" width=\"0\" height=\"0\" data-dbsrc=\"Ly93d3cudG9tc2VlcmRlbi5ubC93cC1jb250ZW50L3VwbG9hZHMvMjAyNS8wNS9zbGlkZS0zLmpwZw==\"\/>\n\t\t\t\t\t\t<img data-src=\"\/\/www.tomseerden.nl\/wp-content\/uploads\/2025\/07\/liggend-beeld-op-zuil-perspectief-02.png\" data-libid=\"2873\" data-lib=\"medialibrary\" title=\"liggend-beeld-op-zuil-perspectief-02\" width=\"0\" height=\"0\" data-dbsrc=\"Ly93d3cudG9tc2VlcmRlbi5ubC93cC1jb250ZW50L3VwbG9hZHMvMjAyNS8wNy9saWdnZW5kLWJlZWxkLW9wLXp1aWwtcGVyc3BlY3RpZWYtMDIucG5n\"\/>\n\t\t\t\t\t\t<img data-src=\"\/\/www.tomseerden.nl\/wp-content\/uploads\/2025\/07\/zittend-beeld-transparant.png\" data-libid=\"3071\" data-lib=\"medialibrary\" title=\"zittend-beeld-transparant\" width=\"0\" height=\"0\" data-dbsrc=\"Ly93d3cudG9tc2VlcmRlbi5ubC93cC1jb250ZW50L3VwbG9hZHMvMjAyNS8wNy96aXR0ZW5kLWJlZWxkLXRyYW5zcGFyYW50LnBuZw==\"\/>\n\t\t\t\t\t\t<img data-src=\"\/\/www.tomseerden.nl\/wp-content\/uploads\/2025\/07\/slide-4.jpg\" data-libid=\"2874\" data-lib=\"medialibrary\" title=\"slide-4\" width=\"0\" height=\"0\" data-dbsrc=\"Ly93d3cudG9tc2VlcmRlbi5ubC93cC1jb250ZW50L3VwbG9hZHMvMjAyNS8wNy9zbGlkZS00LmpwZw==\"\/>\n\t\t\t\t\t<\/image_lists>\n\t\t\t\t<\/sr7-module>\n\t\t\t\t<script>\n\t\t\t\t\tSR7.PMH ??={}; SR7.PMH[\"SR7_1_1\"] = {cn:100,state:false,fn: function() { if (_tpt!==undefined && _tpt.prepareModuleHeight !== undefined) {  _tpt.prepareModuleHeight({id:\"SR7_1_1\",el:[900,900,768,960,720],fixed:true,type:'standard',shdw:'0',gh:[900,900,768,960,720],gw:[1240,1240,1024,778,480],vpt:['-100px&#039;,&#039;-100px&#039;,&#039;-100px&#039;,&#039;-100px&#039;,&#039;-100px'],size:{fullWidth:true, fullHeight:true},fho:'',mh:'0',onh:0,onw:0,bg:{color:'{\"orig\":\"transparent\",\"type\":\"solid\",\"string\":\"transparent\"}'}});   SR7.PMH[\"SR7_1_1\"].state=true;} else if(SR7.PMH[\"SR7_1_1\"].cn-->0)\tsetTimeout( SR7.PMH[\"SR7_1_1\"].fn,19);}};SR7.PMH[\"SR7_1_1\" ].fn();\n\t\t\t\t<\/script>\n<\/div><\/div><\/div><\/div><div class=\"fusion-fullwidth fullwidth-box fusion-builder-row-2 fusion-flex-container has-pattern-background has-mask-background nonhundred-percent-fullwidth non-hundred-percent-height-scrolling fusion-no-small-visibility fusion-no-medium-visibility fusion-absolute-container fusion-absolute-position-small fusion-absolute-position-medium fusion-absolute-position-large\" style=\"--awb-border-radius-top-left:0px;--awb-border-radius-top-right:0px;--awb-border-radius-bottom-right:0px;--awb-border-radius-bottom-left:0px;--awb-margin-top:290px;--awb-flex-wrap:wrap;\" ><div class=\"fusion-builder-row fusion-row fusion-flex-align-items-flex-start fusion-flex-content-wrap\" style=\"max-width:1352px;margin-left: calc(-4% \/ 2 );margin-right: calc(-4% \/ 2 );\"><div class=\"fusion-layout-column fusion_builder_column fusion-builder-column-1 fusion-flex-column\" style=\"--awb-bg-size:cover;--awb-width-large:43%;--awb-margin-top-large:0px;--awb-spacing-right-large:4.4651162790698%;--awb-margin-bottom-large:20px;--awb-spacing-left-large:4.4651162790698%;--awb-width-medium:43%;--awb-order-medium:0;--awb-spacing-right-medium:4.4651162790698%;--awb-spacing-left-medium:4.4651162790698%;--awb-width-small:100%;--awb-order-small:0;--awb-spacing-right-small:1.92%;--awb-spacing-left-small:1.92%;\" data-scroll-devices=\"small-visibility,medium-visibility,large-visibility\"><div class=\"fusion-column-wrapper fusion-column-has-shadow fusion-flex-justify-content-flex-start fusion-content-layout-column\"><\/div><\/div><div class=\"fusion-layout-column fusion_builder_column fusion-builder-column-2 fusion-flex-column fusion-animated\" style=\"--awb-bg-size:cover;--awb-width-large:38%;--awb-margin-top-large:0px;--awb-spacing-right-large:5.0526315789474%;--awb-margin-bottom-large:20px;--awb-spacing-left-large:5.0526315789474%;--awb-width-medium:38%;--awb-order-medium:0;--awb-spacing-right-medium:5.0526315789474%;--awb-spacing-left-medium:5.0526315789474%;--awb-width-small:100%;--awb-order-small:0;--awb-spacing-right-small:1.92%;--awb-spacing-left-small:1.92%;\" data-animationType=\"fadeInUp\" data-animationDuration=\"1.5\" data-animationDelay=\"1.0\" data-animationOffset=\"top-into-view\" data-scroll-devices=\"small-visibility,medium-visibility,large-visibility\"><div class=\"fusion-column-wrapper fusion-column-has-shadow fusion-flex-justify-content-flex-start fusion-content-layout-column\"><div class=\"fusion-text fusion-text-1\"><p><img decoding=\"async\" class=\"alignright wp-image-64 \" src=\"https:\/\/www.tomseerden.nl\/wp-content\/uploads\/2025\/07\/Tom-Seerden-1-300x300.jpg\" alt=\"Tom Seerden\" width=\"108\" height=\"108\" data-wp-editing=\"1\" \/>\u201cNon \u00e8 semplice parlare del proprio lavoro. Perch\u00e9? Forse perch\u00e9 non lo si progetta, ma nasce durante il processo creativo.\u201d<\/p>\n<\/div><div class=\"fusion-image-element \" style=\"text-align:right;--awb-margin-top:30px;--awb-margin-right:60px;--awb-max-width:150px;--awb-caption-title-font-family:var(--h2_typography-font-family);--awb-caption-title-font-weight:var(--h2_typography-font-weight);--awb-caption-title-font-style:var(--h2_typography-font-style);--awb-caption-title-size:var(--h2_typography-font-size);--awb-caption-title-transform:var(--h2_typography-text-transform);--awb-caption-title-line-height:var(--h2_typography-line-height);--awb-caption-title-letter-spacing:var(--h2_typography-letter-spacing);\"><span class=\" fusion-imageframe imageframe-none imageframe-1 hover-type-none\"><img decoding=\"async\" width=\"246\" height=\"57\" title=\"sign-tom-seerden\" src=\"https:\/\/www.tomseerden.nl\/wp-content\/uploads\/2025\/05\/sign-tom-seerden.svg\" alt class=\"img-responsive wp-image-3469\"\/><\/span><\/div><\/div><\/div><\/div><\/div><\/p>\n","protected":false},"excerpt":{"rendered":"","protected":false},"author":1,"featured_media":3509,"parent":0,"menu_order":100,"comment_status":"closed","ping_status":"closed","template":"100-width.php","meta":{"footnotes":""},"class_list":["post-3674","page","type-page","status-publish","has-post-thumbnail","hentry"],"yoast_head":"<!-- This site is optimized with the Yoast SEO plugin v26.6 - https:\/\/yoast.com\/wordpress\/plugins\/seo\/ -->\n<title>Tom Seerden Sculptures - Belle arti in bronzo, e pietra naturale<\/title>\n<meta name=\"description\" content=\"Lo scultore Tom Seerden, che vive e lavora nel suo studio a Kessel, realizza sculture solide e grezze in bronzo, e pietra naturale.\" \/>\n<meta name=\"robots\" content=\"index, follow, max-snippet:-1, max-image-preview:large, max-video-preview:-1\" \/>\n<link rel=\"canonical\" href=\"https:\/\/www.tomseerden.nl\/it\/\" \/>\n<meta property=\"og:locale\" content=\"it_IT\" \/>\n<meta property=\"og:type\" content=\"article\" \/>\n<meta property=\"og:title\" content=\"Tom Seerden Sculptures - Belle arti in bronzo, e pietra naturale\" \/>\n<meta property=\"og:description\" content=\"Lo scultore Tom Seerden, che vive e lavora nel suo studio a Kessel, realizza sculture solide e grezze in bronzo, e pietra naturale.\" \/>\n<meta property=\"og:url\" content=\"https:\/\/www.tomseerden.nl\/it\/\" \/>\n<meta property=\"og:site_name\" content=\"Tom Seerden Sculptures\" \/>\n<meta property=\"article:modified_time\" content=\"2025-07-26T14:25:36+00:00\" \/>\n<meta property=\"og:image\" content=\"https:\/\/www.tomseerden.nl\/wp-content\/uploads\/2025\/07\/tom-seerden.jpg\" \/>\n\t<meta property=\"og:image:width\" content=\"1920\" \/>\n\t<meta property=\"og:image:height\" content=\"1920\" \/>\n\t<meta property=\"og:image:type\" content=\"image\/jpeg\" \/>\n<meta name=\"twitter:card\" content=\"summary_large_image\" \/>\n<meta name=\"twitter:label1\" content=\"Tempo di lettura stimato\" \/>\n\t<meta name=\"twitter:data1\" content=\"4 minuti\" \/>\n<script type=\"application\/ld+json\" class=\"yoast-schema-graph\">{\"@context\":\"https:\/\/schema.org\",\"@graph\":[{\"@type\":\"WebPage\",\"@id\":\"https:\/\/www.tomseerden.nl\/it\/\",\"url\":\"https:\/\/www.tomseerden.nl\/it\/\",\"name\":\"Tom Seerden Sculptures - Belle arti in bronzo, e pietra naturale\",\"isPartOf\":{\"@id\":\"https:\/\/www.tomseerden.nl\/it\/#website\"},\"primaryImageOfPage\":{\"@id\":\"https:\/\/www.tomseerden.nl\/it\/#primaryimage\"},\"image\":{\"@id\":\"https:\/\/www.tomseerden.nl\/it\/#primaryimage\"},\"thumbnailUrl\":\"https:\/\/www.tomseerden.nl\/wp-content\/uploads\/2025\/07\/tom-seerden.jpg\",\"datePublished\":\"2025-04-03T13:40:53+00:00\",\"dateModified\":\"2025-07-26T14:25:36+00:00\",\"description\":\"Lo scultore Tom Seerden, che vive e lavora nel suo studio a Kessel, realizza sculture solide e grezze in bronzo, e pietra naturale.\",\"breadcrumb\":{\"@id\":\"https:\/\/www.tomseerden.nl\/it\/#breadcrumb\"},\"inLanguage\":\"it-IT\",\"potentialAction\":[{\"@type\":\"ReadAction\",\"target\":[\"https:\/\/www.tomseerden.nl\/it\/\"]}]},{\"@type\":\"ImageObject\",\"inLanguage\":\"it-IT\",\"@id\":\"https:\/\/www.tomseerden.nl\/it\/#primaryimage\",\"url\":\"https:\/\/www.tomseerden.nl\/wp-content\/uploads\/2025\/07\/tom-seerden.jpg\",\"contentUrl\":\"https:\/\/www.tomseerden.nl\/wp-content\/uploads\/2025\/07\/tom-seerden.jpg\",\"width\":1920,\"height\":1920},{\"@type\":\"BreadcrumbList\",\"@id\":\"https:\/\/www.tomseerden.nl\/it\/#breadcrumb\",\"itemListElement\":[{\"@type\":\"ListItem\",\"position\":1,\"name\":\"Home\",\"item\":\"https:\/\/www.tomseerden.nl\/it\/\"},{\"@type\":\"ListItem\",\"position\":2,\"name\":\"Home\"}]},{\"@type\":\"WebSite\",\"@id\":\"https:\/\/www.tomseerden.nl\/it\/#website\",\"url\":\"https:\/\/www.tomseerden.nl\/it\/\",\"name\":\"Tom Seerden beelden\",\"description\":\"\",\"potentialAction\":[{\"@type\":\"SearchAction\",\"target\":{\"@type\":\"EntryPoint\",\"urlTemplate\":\"https:\/\/www.tomseerden.nl\/it\/?s={search_term_string}\"},\"query-input\":{\"@type\":\"PropertyValueSpecification\",\"valueRequired\":true,\"valueName\":\"search_term_string\"}}],\"inLanguage\":\"it-IT\"}]}<\/script>\n<!-- \/ Yoast SEO plugin. -->","yoast_head_json":{"title":"Tom Seerden Sculptures - Belle arti in bronzo, e pietra naturale","description":"Lo scultore Tom Seerden, che vive e lavora nel suo studio a Kessel, realizza sculture solide e grezze in bronzo, e pietra naturale.","robots":{"index":"index","follow":"follow","max-snippet":"max-snippet:-1","max-image-preview":"max-image-preview:large","max-video-preview":"max-video-preview:-1"},"canonical":"https:\/\/www.tomseerden.nl\/it\/","og_locale":"it_IT","og_type":"article","og_title":"Tom Seerden Sculptures - Belle arti in bronzo, e pietra naturale","og_description":"Lo scultore Tom Seerden, che vive e lavora nel suo studio a Kessel, realizza sculture solide e grezze in bronzo, e pietra naturale.","og_url":"https:\/\/www.tomseerden.nl\/it\/","og_site_name":"Tom Seerden Sculptures","article_modified_time":"2025-07-26T14:25:36+00:00","og_image":[{"width":1920,"height":1920,"url":"https:\/\/www.tomseerden.nl\/wp-content\/uploads\/2025\/07\/tom-seerden.jpg","type":"image\/jpeg"}],"twitter_card":"summary_large_image","twitter_misc":{"Tempo di lettura stimato":"4 minuti"},"schema":{"@context":"https:\/\/schema.org","@graph":[{"@type":"WebPage","@id":"https:\/\/www.tomseerden.nl\/it\/","url":"https:\/\/www.tomseerden.nl\/it\/","name":"Tom Seerden Sculptures - Belle arti in bronzo, e pietra naturale","isPartOf":{"@id":"https:\/\/www.tomseerden.nl\/it\/#website"},"primaryImageOfPage":{"@id":"https:\/\/www.tomseerden.nl\/it\/#primaryimage"},"image":{"@id":"https:\/\/www.tomseerden.nl\/it\/#primaryimage"},"thumbnailUrl":"https:\/\/www.tomseerden.nl\/wp-content\/uploads\/2025\/07\/tom-seerden.jpg","datePublished":"2025-04-03T13:40:53+00:00","dateModified":"2025-07-26T14:25:36+00:00","description":"Lo scultore Tom Seerden, che vive e lavora nel suo studio a Kessel, realizza sculture solide e grezze in bronzo, e pietra naturale.","breadcrumb":{"@id":"https:\/\/www.tomseerden.nl\/it\/#breadcrumb"},"inLanguage":"it-IT","potentialAction":[{"@type":"ReadAction","target":["https:\/\/www.tomseerden.nl\/it\/"]}]},{"@type":"ImageObject","inLanguage":"it-IT","@id":"https:\/\/www.tomseerden.nl\/it\/#primaryimage","url":"https:\/\/www.tomseerden.nl\/wp-content\/uploads\/2025\/07\/tom-seerden.jpg","contentUrl":"https:\/\/www.tomseerden.nl\/wp-content\/uploads\/2025\/07\/tom-seerden.jpg","width":1920,"height":1920},{"@type":"BreadcrumbList","@id":"https:\/\/www.tomseerden.nl\/it\/#breadcrumb","itemListElement":[{"@type":"ListItem","position":1,"name":"Home","item":"https:\/\/www.tomseerden.nl\/it\/"},{"@type":"ListItem","position":2,"name":"Home"}]},{"@type":"WebSite","@id":"https:\/\/www.tomseerden.nl\/it\/#website","url":"https:\/\/www.tomseerden.nl\/it\/","name":"Tom Seerden beelden","description":"","potentialAction":[{"@type":"SearchAction","target":{"@type":"EntryPoint","urlTemplate":"https:\/\/www.tomseerden.nl\/it\/?s={search_term_string}"},"query-input":{"@type":"PropertyValueSpecification","valueRequired":true,"valueName":"search_term_string"}}],"inLanguage":"it-IT"}]}},"_links":{"self":[{"href":"https:\/\/www.tomseerden.nl\/it\/wp-json\/wp\/v2\/pages\/3674","targetHints":{"allow":["GET"]}}],"collection":[{"href":"https:\/\/www.tomseerden.nl\/it\/wp-json\/wp\/v2\/pages"}],"about":[{"href":"https:\/\/www.tomseerden.nl\/it\/wp-json\/wp\/v2\/types\/page"}],"author":[{"embeddable":true,"href":"https:\/\/www.tomseerden.nl\/it\/wp-json\/wp\/v2\/users\/1"}],"replies":[{"embeddable":true,"href":"https:\/\/www.tomseerden.nl\/it\/wp-json\/wp\/v2\/comments?post=3674"}],"version-history":[{"count":0,"href":"https:\/\/www.tomseerden.nl\/it\/wp-json\/wp\/v2\/pages\/3674\/revisions"}],"wp:featuredmedia":[{"embeddable":true,"href":"https:\/\/www.tomseerden.nl\/it\/wp-json\/wp\/v2\/media\/3509"}],"wp:attachment":[{"href":"https:\/\/www.tomseerden.nl\/it\/wp-json\/wp\/v2\/media?parent=3674"}],"curies":[{"name":"wp","href":"https:\/\/api.w.org\/{rel}","templated":true}]}}