{"id":3777,"date":"2025-07-10T20:34:44","date_gmt":"2025-07-10T18:34:44","guid":{"rendered":"https:\/\/www.tomseerden.nl\/chi-sono\/paesaggi-in-bronzo\/"},"modified":"2025-07-26T16:06:11","modified_gmt":"2025-07-26T14:06:11","slug":"paesaggi-in-bronzo","status":"publish","type":"page","link":"https:\/\/www.tomseerden.nl\/it\/chi-sono\/paesaggi-in-bronzo\/","title":{"rendered":"Paesaggi in bronzo"},"content":{"rendered":"<div class=\"fusion-fullwidth fullwidth-box fusion-builder-row-1 fusion-flex-container has-pattern-background has-mask-background nonhundred-percent-fullwidth non-hundred-percent-height-scrolling\" style=\"--awb-border-radius-top-left:0px;--awb-border-radius-top-right:0px;--awb-border-radius-bottom-right:0px;--awb-border-radius-bottom-left:0px;--awb-flex-wrap:wrap;\" ><div class=\"fusion-builder-row fusion-row fusion-flex-align-items-flex-start fusion-flex-content-wrap\" style=\"max-width:1352px;margin-left: calc(-4% \/ 2 );margin-right: calc(-4% \/ 2 );\"><div class=\"fusion-layout-column fusion_builder_column fusion-builder-column-0 fusion_builder_column_1_2 1_2 fusion-flex-column\" style=\"--awb-bg-size:cover;--awb-width-large:50%;--awb-margin-top-large:0px;--awb-spacing-right-large:3.84%;--awb-margin-bottom-large:20px;--awb-spacing-left-large:3.84%;--awb-width-medium:50%;--awb-order-medium:0;--awb-spacing-right-medium:3.84%;--awb-spacing-left-medium:3.84%;--awb-width-small:100%;--awb-order-small:0;--awb-spacing-right-small:1.92%;--awb-spacing-left-small:1.92%;\"><div class=\"fusion-column-wrapper fusion-column-has-shadow fusion-flex-justify-content-flex-start fusion-content-layout-column\"><div class=\"fusion-title title fusion-title-1 fusion-sep-none fusion-title-text fusion-title-size-two\" style=\"--awb-margin-top:0px;\"><h2 class=\"fusion-title-heading title-heading-left fusion-responsive-typography-calculated\" style=\"margin:0;--fontSize:40;line-height:var(--awb-typography1-line-height);\">Paesaggi in bronzo<\/h2><\/div><div class=\"fusion-builder-row fusion-builder-row-inner fusion-row fusion-flex-align-items-flex-start fusion-flex-content-wrap\" style=\"width:104% !important;max-width:104% !important;margin-left: calc(-4% \/ 2 );margin-right: calc(-4% \/ 2 );\"><div class=\"fusion-layout-column fusion_builder_column_inner fusion-builder-nested-column-0 fusion_builder_column_inner_1_1 1_1 fusion-flex-column\" style=\"--awb-bg-size:cover;--awb-width-large:100%;--awb-margin-top-large:0px;--awb-spacing-right-large:1.92%;--awb-margin-bottom-large:20px;--awb-spacing-left-large:1.92%;--awb-width-medium:100%;--awb-order-medium:0;--awb-spacing-right-medium:1.92%;--awb-spacing-left-medium:1.92%;--awb-width-small:100%;--awb-order-small:0;--awb-spacing-right-small:1.92%;--awb-spacing-left-small:1.92%;\"><div class=\"fusion-column-wrapper fusion-column-has-shadow fusion-flex-justify-content-flex-start fusion-content-layout-column\"><div class=\"fusion-text fusion-text-1\" style=\"--awb-content-alignment:justify;\"><p>Tom \u00e8 affascinato dalla bellezza dell\u2019architettura in generale e dai villaggi pittoreschi, dai castelli imponenti, dalle rovine abbandonate, dai silenziosi monasteri spesso situati su maestose formazioni rocciose. Tutto ci\u00f2 combinato con la sua ricerca della composizione giusta, della forza e della forte aspettativa nel suo lavoro, d\u00e0 origine ai suoi mirabili \u201cpaesaggi\u201d.<\/p>\n<p>Le sue opere racchiudono la forza della solidariet\u00e0, la bellezza dell\u2019architettura, la malinconia della gloria passata, la solitudine, l\u2019isolamento, ma anche la soddisfazione, lo stupore, il silenzio e la felicit\u00e0.<\/p>\n<p>Per ottenere tutto questo, Tom parte spesso dalla base, il piedistallo, di solito un monolito di pietra di granito, marmo, ardesia o talvolta legno. Esso costituisce il punto di partenza e, lungo il percorso, la scultura prende forma in armonia con la sua base.<\/p>\n<\/div><div class=\"fusion-text fusion-text-2\"><blockquote>\n<p>Nulla \u00e8 prefissato; il processo creativo \u00e8 una continua scoperta costruita passo dopo passo. Si \u00e8 pi\u00f9 realizzatore di immagini o scultore?<\/p>\n<\/blockquote>\n<\/div><div class=\"fusion-text fusion-text-3\" style=\"--awb-content-alignment:justify;--awb-margin-top:30px;\"><p>Tom lavora sempre col il bronzo. Le sue sculture vengono fuse con la tecnica della cera persa (cire perdue). Il successivo raffreddamento forzato dopo la fusione fa in modo che la superficie delle sculture rimanga il pi\u00f9 intatta possibile. Sulla \u201cpelle\u201d si sviluppa una patina rossastra che conferisce un aspetto anticato e personale, caratteristico e consono al suo lavoro. La maggior parte delle sue opere sono pezzi unici.<\/p>\n<\/div><\/div><\/div><\/div><\/div><\/div><div class=\"fusion-layout-column fusion_builder_column fusion-builder-column-1 fusion_builder_column_1_2 1_2 fusion-flex-column\" style=\"--awb-bg-size:cover;--awb-width-large:50%;--awb-margin-top-large:0px;--awb-spacing-right-large:3.84%;--awb-margin-bottom-large:20px;--awb-spacing-left-large:3.84%;--awb-width-medium:50%;--awb-order-medium:0;--awb-spacing-right-medium:3.84%;--awb-spacing-left-medium:3.84%;--awb-width-small:100%;--awb-order-small:0;--awb-spacing-right-small:1.92%;--awb-spacing-left-small:1.92%;\"><div class=\"fusion-column-wrapper fusion-column-has-shadow fusion-flex-justify-content-flex-start fusion-content-layout-column\"><div class=\"fusion-image-element \" style=\"--awb-caption-title-font-family:var(--h2_typography-font-family);--awb-caption-title-font-weight:var(--h2_typography-font-weight);--awb-caption-title-font-style:var(--h2_typography-font-style);--awb-caption-title-size:var(--h2_typography-font-size);--awb-caption-title-transform:var(--h2_typography-text-transform);--awb-caption-title-line-height:var(--h2_typography-line-height);--awb-caption-title-letter-spacing:var(--h2_typography-letter-spacing);\"><span class=\" fusion-imageframe imageframe-none imageframe-1 hover-type-none\"><img decoding=\"async\" width=\"1910\" height=\"2560\" title=\"Bell\u2019Italia\" src=\"https:\/\/www.tomseerden.nl\/wp-content\/uploads\/2025\/04\/tom-seerden-groot-landschap-15.jpg\" alt class=\"img-responsive wp-image-3441\" srcset=\"https:\/\/www.tomseerden.nl\/wp-content\/uploads\/2025\/04\/tom-seerden-groot-landschap-15-200x268.jpg 200w, https:\/\/www.tomseerden.nl\/wp-content\/uploads\/2025\/04\/tom-seerden-groot-landschap-15-400x536.jpg 400w, https:\/\/www.tomseerden.nl\/wp-content\/uploads\/2025\/04\/tom-seerden-groot-landschap-15-600x804.jpg 600w, https:\/\/www.tomseerden.nl\/wp-content\/uploads\/2025\/04\/tom-seerden-groot-landschap-15-800x1072.jpg 800w, https:\/\/www.tomseerden.nl\/wp-content\/uploads\/2025\/04\/tom-seerden-groot-landschap-15-1200x1608.jpg 1200w, https:\/\/www.tomseerden.nl\/wp-content\/uploads\/2025\/04\/tom-seerden-groot-landschap-15.jpg 1910w\" sizes=\"(max-width: 640px) 100vw, 800px\" \/><\/span><\/div><\/div><\/div><\/div><\/div>\n","protected":false},"excerpt":{"rendered":"","protected":false},"author":1,"featured_media":3441,"parent":3763,"menu_order":0,"comment_status":"closed","ping_status":"closed","template":"100-width.php","meta":{"footnotes":""},"class_list":["post-3777","page","type-page","status-publish","has-post-thumbnail","hentry"],"yoast_head":"<!-- This site is optimized with the Yoast SEO plugin v26.6 - https:\/\/yoast.com\/wordpress\/plugins\/seo\/ -->\n<title>Paesaggi in bronzo - Tom Seerden Sculptures<\/title>\n<meta name=\"description\" content=\"Tom \u00e8 affascinato dalla bellezza dell&#039;architettura in generale e dei pittoreschi villaggi, dagli imponenti castelli, dalle rovine abbandonate, dai sereni monasteri, spesso situati su imponenti formazioni rocciose.\" \/>\n<meta name=\"robots\" content=\"index, follow, max-snippet:-1, max-image-preview:large, max-video-preview:-1\" \/>\n<link rel=\"canonical\" href=\"https:\/\/www.tomseerden.nl\/it\/chi-sono\/paesaggi-in-bronzo\/\" \/>\n<meta property=\"og:locale\" content=\"it_IT\" \/>\n<meta property=\"og:type\" content=\"article\" \/>\n<meta property=\"og:title\" content=\"Paesaggi in bronzo - Tom Seerden Sculptures\" \/>\n<meta property=\"og:description\" content=\"Tom \u00e8 affascinato dalla bellezza dell&#039;architettura in generale e dei pittoreschi villaggi, dagli imponenti castelli, dalle rovine abbandonate, dai sereni monasteri, spesso situati su imponenti formazioni rocciose.\" \/>\n<meta property=\"og:url\" content=\"https:\/\/www.tomseerden.nl\/it\/chi-sono\/paesaggi-in-bronzo\/\" \/>\n<meta property=\"og:site_name\" content=\"Tom Seerden Sculptures\" \/>\n<meta property=\"article:modified_time\" content=\"2025-07-26T14:06:11+00:00\" \/>\n<meta property=\"og:image\" content=\"https:\/\/www.tomseerden.nl\/wp-content\/uploads\/2025\/04\/tom-seerden-groot-landschap-15.jpg\" \/>\n\t<meta property=\"og:image:width\" content=\"1910\" \/>\n\t<meta property=\"og:image:height\" content=\"2560\" \/>\n\t<meta property=\"og:image:type\" content=\"image\/jpeg\" \/>\n<meta name=\"twitter:card\" content=\"summary_large_image\" \/>\n<meta name=\"twitter:label1\" content=\"Tempo di lettura stimato\" \/>\n\t<meta name=\"twitter:data1\" content=\"2 minuti\" \/>\n<script type=\"application\/ld+json\" class=\"yoast-schema-graph\">{\"@context\":\"https:\/\/schema.org\",\"@graph\":[{\"@type\":\"WebPage\",\"@id\":\"https:\/\/www.tomseerden.nl\/it\/chi-sono\/paesaggi-in-bronzo\/\",\"url\":\"https:\/\/www.tomseerden.nl\/it\/chi-sono\/paesaggi-in-bronzo\/\",\"name\":\"Paesaggi in bronzo - Tom Seerden Sculptures\",\"isPartOf\":{\"@id\":\"https:\/\/www.tomseerden.nl\/it\/#website\"},\"primaryImageOfPage\":{\"@id\":\"https:\/\/www.tomseerden.nl\/it\/chi-sono\/paesaggi-in-bronzo\/#primaryimage\"},\"image\":{\"@id\":\"https:\/\/www.tomseerden.nl\/it\/chi-sono\/paesaggi-in-bronzo\/#primaryimage\"},\"thumbnailUrl\":\"https:\/\/www.tomseerden.nl\/wp-content\/uploads\/2025\/04\/tom-seerden-groot-landschap-15.jpg\",\"datePublished\":\"2025-07-10T18:34:44+00:00\",\"dateModified\":\"2025-07-26T14:06:11+00:00\",\"description\":\"Tom \u00e8 affascinato dalla bellezza dell'architettura in generale e dei pittoreschi villaggi, dagli imponenti castelli, dalle rovine abbandonate, dai sereni monasteri, spesso situati su imponenti formazioni rocciose.\",\"breadcrumb\":{\"@id\":\"https:\/\/www.tomseerden.nl\/it\/chi-sono\/paesaggi-in-bronzo\/#breadcrumb\"},\"inLanguage\":\"it-IT\",\"potentialAction\":[{\"@type\":\"ReadAction\",\"target\":[\"https:\/\/www.tomseerden.nl\/it\/chi-sono\/paesaggi-in-bronzo\/\"]}]},{\"@type\":\"ImageObject\",\"inLanguage\":\"it-IT\",\"@id\":\"https:\/\/www.tomseerden.nl\/it\/chi-sono\/paesaggi-in-bronzo\/#primaryimage\",\"url\":\"https:\/\/www.tomseerden.nl\/wp-content\/uploads\/2025\/04\/tom-seerden-groot-landschap-15.jpg\",\"contentUrl\":\"https:\/\/www.tomseerden.nl\/wp-content\/uploads\/2025\/04\/tom-seerden-groot-landschap-15.jpg\",\"width\":1910,\"height\":2560},{\"@type\":\"BreadcrumbList\",\"@id\":\"https:\/\/www.tomseerden.nl\/it\/chi-sono\/paesaggi-in-bronzo\/#breadcrumb\",\"itemListElement\":[{\"@type\":\"ListItem\",\"position\":1,\"name\":\"Home\",\"item\":\"https:\/\/www.tomseerden.nl\/it\/\"},{\"@type\":\"ListItem\",\"position\":2,\"name\":\"Chi sono\",\"item\":\"https:\/\/www.tomseerden.nl\/it\/chi-sono\/\"},{\"@type\":\"ListItem\",\"position\":3,\"name\":\"Paesaggi in bronzo\"}]},{\"@type\":\"WebSite\",\"@id\":\"https:\/\/www.tomseerden.nl\/it\/#website\",\"url\":\"https:\/\/www.tomseerden.nl\/it\/\",\"name\":\"Tom Seerden beelden\",\"description\":\"\",\"potentialAction\":[{\"@type\":\"SearchAction\",\"target\":{\"@type\":\"EntryPoint\",\"urlTemplate\":\"https:\/\/www.tomseerden.nl\/it\/?s={search_term_string}\"},\"query-input\":{\"@type\":\"PropertyValueSpecification\",\"valueRequired\":true,\"valueName\":\"search_term_string\"}}],\"inLanguage\":\"it-IT\"}]}<\/script>\n<!-- \/ Yoast SEO plugin. -->","yoast_head_json":{"title":"Paesaggi in bronzo - Tom Seerden Sculptures","description":"Tom \u00e8 affascinato dalla bellezza dell'architettura in generale e dei pittoreschi villaggi, dagli imponenti castelli, dalle rovine abbandonate, dai sereni monasteri, spesso situati su imponenti formazioni rocciose.","robots":{"index":"index","follow":"follow","max-snippet":"max-snippet:-1","max-image-preview":"max-image-preview:large","max-video-preview":"max-video-preview:-1"},"canonical":"https:\/\/www.tomseerden.nl\/it\/chi-sono\/paesaggi-in-bronzo\/","og_locale":"it_IT","og_type":"article","og_title":"Paesaggi in bronzo - Tom Seerden Sculptures","og_description":"Tom \u00e8 affascinato dalla bellezza dell'architettura in generale e dei pittoreschi villaggi, dagli imponenti castelli, dalle rovine abbandonate, dai sereni monasteri, spesso situati su imponenti formazioni rocciose.","og_url":"https:\/\/www.tomseerden.nl\/it\/chi-sono\/paesaggi-in-bronzo\/","og_site_name":"Tom Seerden Sculptures","article_modified_time":"2025-07-26T14:06:11+00:00","og_image":[{"width":1910,"height":2560,"url":"https:\/\/www.tomseerden.nl\/wp-content\/uploads\/2025\/04\/tom-seerden-groot-landschap-15.jpg","type":"image\/jpeg"}],"twitter_card":"summary_large_image","twitter_misc":{"Tempo di lettura stimato":"2 minuti"},"schema":{"@context":"https:\/\/schema.org","@graph":[{"@type":"WebPage","@id":"https:\/\/www.tomseerden.nl\/it\/chi-sono\/paesaggi-in-bronzo\/","url":"https:\/\/www.tomseerden.nl\/it\/chi-sono\/paesaggi-in-bronzo\/","name":"Paesaggi in bronzo - Tom Seerden Sculptures","isPartOf":{"@id":"https:\/\/www.tomseerden.nl\/it\/#website"},"primaryImageOfPage":{"@id":"https:\/\/www.tomseerden.nl\/it\/chi-sono\/paesaggi-in-bronzo\/#primaryimage"},"image":{"@id":"https:\/\/www.tomseerden.nl\/it\/chi-sono\/paesaggi-in-bronzo\/#primaryimage"},"thumbnailUrl":"https:\/\/www.tomseerden.nl\/wp-content\/uploads\/2025\/04\/tom-seerden-groot-landschap-15.jpg","datePublished":"2025-07-10T18:34:44+00:00","dateModified":"2025-07-26T14:06:11+00:00","description":"Tom \u00e8 affascinato dalla bellezza dell'architettura in generale e dei pittoreschi villaggi, dagli imponenti castelli, dalle rovine abbandonate, dai sereni monasteri, spesso situati su imponenti formazioni rocciose.","breadcrumb":{"@id":"https:\/\/www.tomseerden.nl\/it\/chi-sono\/paesaggi-in-bronzo\/#breadcrumb"},"inLanguage":"it-IT","potentialAction":[{"@type":"ReadAction","target":["https:\/\/www.tomseerden.nl\/it\/chi-sono\/paesaggi-in-bronzo\/"]}]},{"@type":"ImageObject","inLanguage":"it-IT","@id":"https:\/\/www.tomseerden.nl\/it\/chi-sono\/paesaggi-in-bronzo\/#primaryimage","url":"https:\/\/www.tomseerden.nl\/wp-content\/uploads\/2025\/04\/tom-seerden-groot-landschap-15.jpg","contentUrl":"https:\/\/www.tomseerden.nl\/wp-content\/uploads\/2025\/04\/tom-seerden-groot-landschap-15.jpg","width":1910,"height":2560},{"@type":"BreadcrumbList","@id":"https:\/\/www.tomseerden.nl\/it\/chi-sono\/paesaggi-in-bronzo\/#breadcrumb","itemListElement":[{"@type":"ListItem","position":1,"name":"Home","item":"https:\/\/www.tomseerden.nl\/it\/"},{"@type":"ListItem","position":2,"name":"Chi sono","item":"https:\/\/www.tomseerden.nl\/it\/chi-sono\/"},{"@type":"ListItem","position":3,"name":"Paesaggi in bronzo"}]},{"@type":"WebSite","@id":"https:\/\/www.tomseerden.nl\/it\/#website","url":"https:\/\/www.tomseerden.nl\/it\/","name":"Tom Seerden beelden","description":"","potentialAction":[{"@type":"SearchAction","target":{"@type":"EntryPoint","urlTemplate":"https:\/\/www.tomseerden.nl\/it\/?s={search_term_string}"},"query-input":{"@type":"PropertyValueSpecification","valueRequired":true,"valueName":"search_term_string"}}],"inLanguage":"it-IT"}]}},"_links":{"self":[{"href":"https:\/\/www.tomseerden.nl\/it\/wp-json\/wp\/v2\/pages\/3777","targetHints":{"allow":["GET"]}}],"collection":[{"href":"https:\/\/www.tomseerden.nl\/it\/wp-json\/wp\/v2\/pages"}],"about":[{"href":"https:\/\/www.tomseerden.nl\/it\/wp-json\/wp\/v2\/types\/page"}],"author":[{"embeddable":true,"href":"https:\/\/www.tomseerden.nl\/it\/wp-json\/wp\/v2\/users\/1"}],"replies":[{"embeddable":true,"href":"https:\/\/www.tomseerden.nl\/it\/wp-json\/wp\/v2\/comments?post=3777"}],"version-history":[{"count":0,"href":"https:\/\/www.tomseerden.nl\/it\/wp-json\/wp\/v2\/pages\/3777\/revisions"}],"up":[{"embeddable":true,"href":"https:\/\/www.tomseerden.nl\/it\/wp-json\/wp\/v2\/pages\/3763"}],"wp:featuredmedia":[{"embeddable":true,"href":"https:\/\/www.tomseerden.nl\/it\/wp-json\/wp\/v2\/media\/3441"}],"wp:attachment":[{"href":"https:\/\/www.tomseerden.nl\/it\/wp-json\/wp\/v2\/media?parent=3777"}],"curies":[{"name":"wp","href":"https:\/\/api.w.org\/{rel}","templated":true}]}}